{"id":59,"date":"2019-03-10T07:49:12","date_gmt":"2019-03-10T06:49:12","guid":{"rendered":"https:\/\/panstwofiszer.pl\/index.php\/home\/"},"modified":"2025-08-19T23:55:56","modified_gmt":"2025-08-19T21:55:56","slug":"home","status":"publish","type":"page","link":"https:\/\/panstwofiszer.pl\/","title":{"rendered":"Michalina &amp; Dominik"},"content":{"rendered":"\t\t<div data-elementor-type=\"wp-post\" data-elementor-id=\"59\" class=\"elementor elementor-59\">\n\t\t\t\t<div class=\"aux-parallax-section elementor-element elementor-element-e9305a5 e-flex e-con-boxed e-con e-parent\" data-id=\"e9305a5\" data-element_type=\"container\" data-settings=\"{&quot;background_background&quot;:&quot;classic&quot;}\">\n\t\t\t\t\t<div class=\"e-con-inner\">\n\t\t<div class=\"elementor-element elementor-element-a12e3c3 e-con-full e-flex e-con e-child\" data-id=\"a12e3c3\" data-element_type=\"container\">\n\t\t\t\t<div class=\"elementor-element elementor-element-a257b9d elementor-widget__width-auto elementor-widget-tablet__width-inherit aux-appear-watch-animation aux-fade-in elementor-invisible elementor-widget elementor-widget-aux_modern_heading\" data-id=\"a257b9d\" data-element_type=\"widget\" data-settings=\"{&quot;_animation&quot;:&quot;fadeIn&quot;}\" data-widget_type=\"aux_modern_heading.default\">\n\t\t\t\t<div class=\"elementor-widget-container\">\n\t\t\t\t\t<section class=\"aux-widget-modern-heading\">\n            <div class=\"aux-widget-inner\"><h1 class=\"aux-modern-heading-primary\">Dominik<\/h1><h2 class=\"aux-modern-heading-secondary\"><span class=\"aux-head-highlight\">Fiszer<\/span><\/h2><\/div>\n        <\/section>\t\t\t\t<\/div>\n\t\t\t\t<\/div>\n\t\t\t\t<div class=\"elementor-element elementor-element-b4548f0 elementor-widget__width-auto elementor-hidden-phone elementor-widget elementor-widget-aux_modern_heading\" data-id=\"b4548f0\" data-element_type=\"widget\" data-widget_type=\"aux_modern_heading.default\">\n\t\t\t\t<div class=\"elementor-widget-container\">\n\t\t\t\t\t<section class=\"aux-widget-modern-heading\">\n            <div class=\"aux-widget-inner\"><h6 class=\"aux-modern-heading-primary\">EXPLORE MORE\n<svg xmlns=\"http:\/\/www.w3.org\/2000\/svg\" width=\"39.67\" height=\"10.544\" viewBox=\"0 0 39.67 10.544\"><defs><style>.a{fill:none;stroke:#d76c5e;stroke-width:2px;}<\/style><\/defs><path class=\"a\" d=\"M0,0V37.256l8.837-8.837\" transform=\"translate(0 9.544) rotate(-90)\" \/><\/svg><\/h6><\/div>\n        <\/section>\t\t\t\t<\/div>\n\t\t\t\t<\/div>\n\t\t\t\t<\/div>\n\t\t<div class=\"elementor-element elementor-element-e2d2c89 e-con-full e-flex e-con e-child\" data-id=\"e2d2c89\" data-element_type=\"container\">\n\t\t\t\t<div class=\"elementor-element elementor-element-fdc4f15 aux-appear-watch-animation aux-scale-up elementor-widget elementor-widget-aux_image\" data-id=\"fdc4f15\" data-element_type=\"widget\" data-widget_type=\"aux_image.default\">\n\t\t\t\t<div class=\"elementor-widget-container\">\n\t\t\t\t\t<section class=\"widget-container aux-widget-image aux-alignnone aux-parent-auf3a7f6e2\">\n    <div class=\"aux-media-hint-frame \">\n        <div class=\"aux-media-image \" >\n        \n            \n\n            \n            <img fetchpriority=\"high\" decoding=\"async\" width=\"755\" height=\"724\" src=\"data:image\/gif;base64,R0lGODlhAQABAIAAAAAAAP\/\/\/yH5BAEAAAAALAAAAAABAAEAAAIBRAA7\" class=\"aux-attachment aux-featured-image aux-attachment-id-75 aux-preload aux-blank\" alt=\"Bez nazwy\" data-ratio=\"1.04\" data-original-w=\"755\" data-src=\"https:\/\/panstwofiszer.pl\/wp-content\/uploads\/2025\/08\/Bez-nazwy.png\" \/>            \n                <\/div>\n    <\/div>\n\n<\/section><!-- widget-container -->\t\t\t\t<\/div>\n\t\t\t\t<\/div>\n\t\t\t\t<\/div>\n\t\t<div class=\"elementor-element elementor-element-9da2fff e-con-full e-flex e-con e-child\" data-id=\"9da2fff\" data-element_type=\"container\">\n\t\t\t\t<div class=\"elementor-element elementor-element-d4debfa elementor-widget__width-auto elementor-widget-tablet__width-inherit aux-appear-watch-animation aux-fade-in elementor-invisible elementor-widget elementor-widget-aux_modern_heading\" data-id=\"d4debfa\" data-element_type=\"widget\" data-settings=\"{&quot;_animation&quot;:&quot;fadeIn&quot;}\" data-widget_type=\"aux_modern_heading.default\">\n\t\t\t\t<div class=\"elementor-widget-container\">\n\t\t\t\t\t<section class=\"aux-widget-modern-heading\">\n            <div class=\"aux-widget-inner\"><h1 class=\"aux-modern-heading-primary\">Michalina<\/h1><h2 class=\"aux-modern-heading-secondary\"><span class=\"aux-head-highlight\">Musielewska<\/span><\/h2><\/div>\n        <\/section>\t\t\t\t<\/div>\n\t\t\t\t<\/div>\n\t\t\t\t<div class=\"elementor-element elementor-element-9afa3ba elementor-hidden-tablet elementor-hidden-phone elementor-widget elementor-widget-aux_modern_heading\" data-id=\"9afa3ba\" data-element_type=\"widget\" data-widget_type=\"aux_modern_heading.default\">\n\t\t\t\t<div class=\"elementor-widget-container\">\n\t\t\t\t\t<section class=\"aux-widget-modern-heading\">\n            <div class=\"aux-widget-inner\"><h6 class=\"aux-modern-heading-primary\">FOLLOW US<\/h6><\/div>\n        <\/section>\t\t\t\t<\/div>\n\t\t\t\t<\/div>\n\t\t\t\t<div class=\"elementor-element elementor-element-25a5e2d elementor-widget__width-auto elementor-hidden-tablet elementor-hidden-phone elementor-widget elementor-widget-aux_icon_list\" data-id=\"25a5e2d\" data-element_type=\"widget\" data-widget_type=\"aux_icon_list.default\">\n\t\t\t\t<div class=\"elementor-widget-container\">\n\t\t\t\t\t<section class=\"widget-container aux-widget-icon-list aux-parent-au02fbf44c\"><div class=\"widget-inner\"><div class=\"aux-widget-icon-list-inner\"><ul class=\"aux-icon-list-items aux-direction-default\"><li class=\"aux-icon-list-item aux-list-item-has-icon aux-icon-list-item-1fabaf6 elementor-repeater-item-1fabaf6\"><span class=\"aux-icon-list-icon auxicon-facebook\"><\/span><\/li><li class=\"aux-icon-list-item aux-list-item-has-icon aux-icon-list-item-309261d elementor-repeater-item-309261d\"><span class=\"aux-icon-list-icon auxicon-instagram\"><\/span><\/li><li class=\"aux-icon-list-item aux-list-item-has-icon aux-icon-list-item-cc50e5c elementor-repeater-item-cc50e5c\"><span class=\"aux-icon-list-icon auxicon-linkedin\"><\/span><\/li><li class=\"aux-icon-list-item aux-list-item-has-icon aux-icon-list-item-cddd9af elementor-repeater-item-cddd9af\"><span class=\"aux-icon-list-icon auxicon-twitter\"><\/span><\/li><\/ul><\/div><\/div><\/section><!-- widget-container -->\t\t\t\t<\/div>\n\t\t\t\t<\/div>\n\t\t\t\t<\/div>\n\t\t\t\t\t<\/div>\n\t\t\t\t<\/div>\n\t\t<div class=\"aux-parallax-section elementor-element elementor-element-61f9d1b e-flex e-con-boxed e-con e-parent\" data-id=\"61f9d1b\" data-element_type=\"container\" id=\"bride-groom\">\n\t\t\t\t\t<div class=\"e-con-inner\">\n\t\t<div class=\"elementor-element elementor-element-30616ae e-con-full e-flex e-con e-child\" data-id=\"30616ae\" data-element_type=\"container\">\n\t\t\t\t<div class=\"elementor-element elementor-element-f680b74 aux-appear-watch-animation aux-fade-in-left elementor-widget elementor-widget-aux_image\" data-id=\"f680b74\" data-element_type=\"widget\" data-widget_type=\"aux_image.default\">\n\t\t\t\t<div class=\"elementor-widget-container\">\n\t\t\t\t\t<section class=\"widget-container aux-widget-image aux-alignnone aux-parent-au352d537c\">\n    <div class=\"aux-media-hint-frame \">\n        <div class=\"aux-media-image \" >\n        \n            \n\n            \n            <img decoding=\"async\" width=\"1295\" height=\"2048\" src=\"data:image\/gif;base64,R0lGODlhAQABAIAAAAAAAP\/\/\/yH5BAEAAAAALAAAAAABAAEAAAIBRAA7\" class=\"aux-attachment aux-featured-image aux-attachment-id-79 aux-preload aux-blank\" alt=\"1edca0ea-92b8-47f0-903f-5eb1936463a1\" data-ratio=\"0.63\" data-original-w=\"1295\" data-src=\"https:\/\/panstwofiszer.pl\/wp-content\/uploads\/2025\/08\/1edca0ea-92b8-47f0-903f-5eb1936463a1.jpg\" \/>            \n                <\/div>\n    <\/div>\n\n<\/section><!-- widget-container -->\t\t\t\t<\/div>\n\t\t\t\t<\/div>\n\t\t\t\t<\/div>\n\t\t<div class=\"elementor-element elementor-element-16ae4da e-con-full e-flex e-con e-child\" data-id=\"16ae4da\" data-element_type=\"container\">\n\t\t\t\t<div class=\"elementor-element elementor-element-c6f5d5a elementor-widget__width-auto aux-appear-watch-animation aux-scale-down elementor-widget elementor-widget-aux_modern_heading\" data-id=\"c6f5d5a\" data-element_type=\"widget\" data-widget_type=\"aux_modern_heading.default\">\n\t\t\t\t<div class=\"elementor-widget-container\">\n\t\t\t\t\t<section class=\"aux-widget-modern-heading\">\n            <div class=\"aux-widget-inner\"><h2 class=\"aux-modern-heading-primary\">I po \u015blubie!<\/h2><\/div>\n        <\/section>\t\t\t\t<\/div>\n\t\t\t\t<\/div>\n\t\t\t\t<div class=\"elementor-element elementor-element-4449827 aux-appear-watch-animation aux-fade-in-up-1 elementor-widget elementor-widget-aux_modern_heading\" data-id=\"4449827\" data-element_type=\"widget\" data-widget_type=\"aux_modern_heading.default\">\n\t\t\t\t<div class=\"elementor-widget-container\">\n\t\t\t\t\t<section class=\"aux-widget-modern-heading\">\n            <div class=\"aux-widget-inner\"><h3 class=\"aux-modern-heading-primary\">16.08.2025r.<\/h3><div class=\"aux-modern-heading-divider\"><\/div><div class=\"aux-modern-heading-description\"><p>T\u0119 dat\u0119 zapami\u0119tamy na bardzo d\u0142ugo. W ko\u015bciele pw. \u015awi\u0119tego Krzy\u017ca na oczach najbli\u017cszych i przyjaci\u00f3\u0142 powiedzieli\u015bmy sobie \"TAK!\".<\/p><\/div><\/div>\n        <\/section>\t\t\t\t<\/div>\n\t\t\t\t<\/div>\n\t\t\t\t<\/div>\n\t\t\t\t\t<\/div>\n\t\t\t\t<\/div>\n\t\t<div class=\"aux-parallax-section elementor-element elementor-element-027bb03 e-flex e-con-boxed e-con e-parent\" data-id=\"027bb03\" data-element_type=\"container\" id=\"our-memories\">\n\t\t\t\t\t<div class=\"e-con-inner\">\n\t\t<div class=\"elementor-element elementor-element-99575b7 e-con-full e-flex e-con e-child\" data-id=\"99575b7\" data-element_type=\"container\">\n\t\t<div class=\"elementor-element elementor-element-90599e1 e-con-full e-flex e-con e-child\" data-id=\"90599e1\" data-element_type=\"container\">\n\t\t<div class=\"elementor-element elementor-element-0fb4a00 e-con-full e-flex e-con e-child\" data-id=\"0fb4a00\" data-element_type=\"container\">\n\t\t\t\t<div class=\"elementor-element elementor-element-a854c50 elementor-widget__width-auto aux-appear-watch-animation aux-scale-down elementor-widget elementor-widget-aux_modern_heading\" data-id=\"a854c50\" data-element_type=\"widget\" data-widget_type=\"aux_modern_heading.default\">\n\t\t\t\t<div class=\"elementor-widget-container\">\n\t\t\t\t\t<section class=\"aux-widget-modern-heading\">\n            <div class=\"aux-widget-inner\"><h2 class=\"aux-modern-heading-primary\">Wi\u0119cej wspomnie\u0144<\/h2><\/div>\n        <\/section>\t\t\t\t<\/div>\n\t\t\t\t<\/div>\n\t\t\t\t<\/div>\n\t\t\t\t<\/div>\n\t\t\t\t<\/div>\n\t\t\t\t\t<\/div>\n\t\t\t\t<\/div>\n\t\t<div class=\"aux-parallax-section elementor-element elementor-element-d0be9d9 e-grid e-con-boxed e-con e-parent\" data-id=\"d0be9d9\" data-element_type=\"container\">\n\t\t\t\t\t<div class=\"e-con-inner\">\n\t\t\t\t<div class=\"elementor-element elementor-element-ef2e9ab elementor-widget elementor-widget-text-editor\" data-id=\"ef2e9ab\" data-element_type=\"widget\" data-widget_type=\"text-editor.default\">\n\t\t\t\t<div class=\"elementor-widget-container\">\n\t\t\t\t\t\t\t\t\t<h5>Macie ciekawe zdj\u0119cia Nas lub Naszych go\u015bci?\u00a0 Mo\u017cecie je przes\u0142a\u0107 poni\u017cej!<\/h5>\t\t\t\t\t\t\t\t<\/div>\n\t\t\t\t<\/div>\n\t\t\t\t<div class=\"elementor-element elementor-element-3a24965 elementor-widget elementor-widget-aux_button\" data-id=\"3a24965\" data-element_type=\"widget\" data-widget_type=\"aux_button.default\">\n\t\t\t\t<div class=\"elementor-widget-container\">\n\t\t\t\t\t<a  href=\"https:\/\/www.dropbox.com\/request\/hmn5UdfpW4bOu77hpgKu\" target=\"_self\"   class=\"aux-button aux-medium aux-pastel-orange aux-curve aux-none aux-uppercase\" ><span class=\"aux-overlay\"><\/span><span class=\"aux-text\">Prze\u015blij zdj\u0119cia<\/span><\/a>\t\t\t\t<\/div>\n\t\t\t\t<\/div>\n\t\t\t\t<div class=\"elementor-element elementor-element-86ac2b3 elementor-widget elementor-widget-text-editor\" data-id=\"86ac2b3\" data-element_type=\"widget\" data-widget_type=\"text-editor.default\">\n\t\t\t\t<div class=\"elementor-widget-container\">\n\t\t\t\t\t\t\t\t\t<h5>Jeste\u015bcie ciekawi czy za\u0142apali\u015bcie si\u0119 na jakim\u015b zdj\u0119ciu? Sprawd\u017acie!<\/h5>\t\t\t\t\t\t\t\t<\/div>\n\t\t\t\t<\/div>\n\t\t\t\t<div class=\"elementor-element elementor-element-77a310c elementor-widget elementor-widget-aux_button\" data-id=\"77a310c\" data-element_type=\"widget\" data-widget_type=\"aux_button.default\">\n\t\t\t\t<div class=\"elementor-widget-container\">\n\t\t\t\t\t<a  href=\"https:\/\/www.dropbox.com\/scl\/fo\/nbhva05m4y6r7j72u2tkz\/AMxApjKNClSqNnSC4NMEy8U\/Podziel%20si\u0119%20zdj\u0119ciami!?dl=0&#038;rlkey=cv7ql27z51shgtx4c9ygt336s&#038;subfolder_nav_tracking=1\" target=\"_self\"   class=\"aux-button aux-medium aux-pastel-orange aux-curve aux-none aux-uppercase\" ><span class=\"aux-overlay\"><\/span><span class=\"aux-text\">Zobacz zdj\u0119cia<\/span><\/a>\t\t\t\t<\/div>\n\t\t\t\t<\/div>\n\t\t\t\t\t<\/div>\n\t\t\t\t<\/div>\n\t\t<div class=\"aux-parallax-section elementor-element elementor-element-411b963 e-flex e-con-boxed e-con e-parent\" data-id=\"411b963\" data-element_type=\"container\" data-settings=\"{&quot;background_background&quot;:&quot;gradient&quot;}\">\n\t\t\t\t\t<div class=\"e-con-inner\">\n\t\t<div class=\"elementor-element elementor-element-9b45f1f e-con-full e-flex e-con e-child\" data-id=\"9b45f1f\" data-element_type=\"container\">\n\t\t\t\t<div class=\"elementor-element elementor-element-c3707e3 aux-appear-watch-animation aux-fade-in-up-1 elementor-widget elementor-widget-aux_modern_heading\" data-id=\"c3707e3\" data-element_type=\"widget\" data-widget_type=\"aux_modern_heading.default\">\n\t\t\t\t<div class=\"elementor-widget-container\">\n\t\t\t\t\t<section class=\"aux-widget-modern-heading\">\n            <div class=\"aux-widget-inner\"><h2 class=\"aux-modern-heading-primary\">To bardzo wa\u017cny dla Nas dzie\u0144<\/h2><h3 class=\"aux-modern-heading-secondary\"><span class=\"aux-head-highlight\">Dzi\u0119kujemy \u017ce byli\u015bcie.<\/span><\/h3><\/div>\n        <\/section>\t\t\t\t<\/div>\n\t\t\t\t<\/div>\n\t\t\t\t<\/div>\n\t\t\t\t\t<\/div>\n\t\t\t\t<\/div>\n\t\t\t\t<\/div>\n\t\t","protected":false},"excerpt":{"rendered":"<p>Dominik Fiszer EXPLORE MORE Michalina Musielewska FOLLOW US I po \u015blubie! 16.08.2025r. T\u0119 dat\u0119 zapami\u0119tamy na bardzo d\u0142ugo. W ko\u015bciele pw. \u015awi\u0119tego Krzy\u017ca na oczach najbli\u017cszych i przyjaci\u00f3\u0142 powiedzieli\u015bmy sobie &#8222;TAK!&#8221;. Wi\u0119cej wspomnie\u0144 Macie ciekawe zdj\u0119cia Nas lub Naszych go\u015bci?\u00a0 Mo\u017cecie je przes\u0142a\u0107 poni\u017cej! Prze\u015blij zdj\u0119cia Jeste\u015bcie ciekawi czy za\u0142apali\u015bcie si\u0119 na jakim\u015b zdj\u0119ciu? Sprawd\u017acie! [&hellip;]<\/p>\n","protected":false},"author":1,"featured_media":0,"parent":0,"menu_order":0,"comment_status":"closed","ping_status":"closed","template":"templates\/page-builder-content.php","meta":{"footnotes":""},"class_list":["post-59","page","type-page","status-publish","hentry"],"_links":{"self":[{"href":"https:\/\/panstwofiszer.pl\/index.php\/wp-json\/wp\/v2\/pages\/59","targetHints":{"allow":["GET"]}}],"collection":[{"href":"https:\/\/panstwofiszer.pl\/index.php\/wp-json\/wp\/v2\/pages"}],"about":[{"href":"https:\/\/panstwofiszer.pl\/index.php\/wp-json\/wp\/v2\/types\/page"}],"author":[{"embeddable":true,"href":"https:\/\/panstwofiszer.pl\/index.php\/wp-json\/wp\/v2\/users\/1"}],"replies":[{"embeddable":true,"href":"https:\/\/panstwofiszer.pl\/index.php\/wp-json\/wp\/v2\/comments?post=59"}],"version-history":[{"count":31,"href":"https:\/\/panstwofiszer.pl\/index.php\/wp-json\/wp\/v2\/pages\/59\/revisions"}],"predecessor-version":[{"id":109,"href":"https:\/\/panstwofiszer.pl\/index.php\/wp-json\/wp\/v2\/pages\/59\/revisions\/109"}],"wp:attachment":[{"href":"https:\/\/panstwofiszer.pl\/index.php\/wp-json\/wp\/v2\/media?parent=59"}],"curies":[{"name":"wp","href":"https:\/\/api.w.org\/{rel}","templated":true}]}}